{"id":1123,"date":"2020-04-10T14:59:47","date_gmt":"2020-04-10T12:59:47","guid":{"rendered":"https:\/\/rosenhotel.net\/?page_id=1123"},"modified":"2023-05-30T16:05:16","modified_gmt":"2023-05-30T14:05:16","slug":"impressum","status":"publish","type":"page","link":"https:\/\/rosenhotel.net\/en\/impressum\/","title":{"rendered":"Impressum"},"content":{"rendered":"<p>[vc_row full_width=&#8221;stretch_row&#8221; content_placement=&#8221;middle&#8221; overflow=&#8221;default&#8221; css=&#8221;.vc_custom_1586523566154{padding-top: 15px !important;padding-bottom: 15px !important;background-color: #d8d8d8 !important;}&#8221;][vc_column]\r\n<div class=\"sh-heading  \" id=\"heading-vnkD5N0qmy\">\r\n\t<div class=\"sh-element-margin\">\r\n\r\n\t\t\r\n\t\t\t<h1 class=\"sh-heading-content size-xl text-center\">\r\n\t\t\t\tIMPRINT\t\t\t<\/h1>\r\n\r\n\t\t\r\n\t<\/div>\r\n<\/div>\r\n            <style type=\"text\/css\">\r\n                #heading-vnkD5N0qmy .sh-element-margin {}#heading-vnkD5N0qmy .sh-heading-content {font-weight: 700!important;}#heading-vnkD5N0qmy .sh-heading-content,#heading-vnkD5N0qmy .sh-heading-additional-text {}            <\/style>\r\n        [\/vc_column][\/vc_row][vc_row full_width=&#8221;stretch_row&#8221; content_placement=&#8221;middle&#8221; overflow=&#8221;default&#8221; css=&#8221;.vc_custom_1586523571463{padding-top: 10px !important;padding-bottom: 10px !important;background-color: #d8d8d8 !important;}&#8221;][vc_column][vc_separator color=&#8221;custom&#8221; el_width=&#8221;30&#8243; accent_color=&#8221;rgba(63,63,63,0.5)&#8221;][\/vc_column][\/vc_row][vc_row full_width=&#8221;stretch_row&#8221; content_placement=&#8221;middle&#8221; overflow=&#8221;default&#8221; css=&#8221;.vc_custom_1586523577434{padding-bottom: 50px !important;background-color: #d8d8d8 !important;}&#8221;][vc_column][vc_column_text]<\/p>\n<p style=\"text-align: center;\"><span style=\"font-size: 18px; color: #3f3f3f;\">Rosen-Hotel SGH GmbH<\/span><br \/>\n<span style=\"font-size: 18px; color: #3f3f3f;\">Juri-Gagarin-Stra\u00dfe 30<\/span><br \/>\n<span style=\"font-size: 18px; color: #3f3f3f;\">06526 Sangerhausen<\/span><\/p>\n<p style=\"text-align: center;\"><span style=\"font-size: 18px; color: #3f3f3f;\">Gesch\u00e4ftsf\u00fchrer: Uwe Steinkopf<\/span><\/p>\n<p style=\"text-align: center;\"><span style=\"font-size: 18px; color: #3f3f3f;\">E-Mail: info@rosenhotel.net<\/span><\/p>\n<p style=\"text-align: center;\"><span style=\"font-size: 18px; color: #3f3f3f;\">Telefon: 03464 54 46 44<\/span><\/p>\n<p style=\"text-align: center;\"><span style=\"font-size: 18px; color: #3f3f3f;\">Fax: 03464 54 49 33<\/span><\/p>\n<p style=\"text-align: center;\"><span style=\"font-size: 18px; color: #3f3f3f;\">Registereintrag Stendal HRB 25929<\/span><\/p>\n<p style=\"text-align: center;\"><span style=\"font-size: 18px; color: #3f3f3f;\">Steuernummer: 118 105 015 63<\/span><\/p>\n<p>[\/vc_column_text][\/vc_column][\/vc_row]<\/p>\n","protected":false},"excerpt":{"rendered":"<p>[vc_row full_width=&#8221;stretch_row&#8221; content_placement=&#8221;middle&#8221; overflow=&#8221;default&#8221; css=&#8221;.vc_custom_1586523566154{padding-top: 15px !important;padding-bottom: 15px !important;background-color: #d8d8d8 !important;}&#8221;][vc_column] IMPRINT [\/vc_column][\/vc_row][vc_row full_width=&#8221;stretch_row&#8221; content_placement=&#8221;middle&#8221; overflow=&#8221;default&#8221; css=&#8221;.vc_custom_1586523571463{padding-top: 10px !important;padding-bottom: 10px !important;background-color: #d8d8d8 !important;}&#8221;][vc_column][vc_separator color=&#8221;custom&#8221; el_width=&#8221;30&#8243; accent_color=&#8221;rgba(63,63,63,0.5)&#8221;][\/vc_column][\/vc_row][vc_row full_width=&#8221;stretch_row&#8221; content_placement=&#8221;middle&#8221; overflow=&#8221;default&#8221; css=&#8221;.vc_custom_1586523577434{padding-bottom: 50px !important;background-color: #d8d8d8 !important;}&#8221;][vc_column][vc_column_text] Rosen-Hotel SGH GmbH Juri-Gagarin-Stra\u00dfe 30 06526 Sangerhausen Gesch\u00e4ftsf\u00fchrer: Uwe Steinkopf E-Mail:&#8230;<\/p>\n","protected":false},"author":2,"featured_media":0,"parent":0,"menu_order":0,"comment_status":"closed","ping_status":"closed","template":"","meta":[],"yoast_head":"<!-- This site is optimized with the Yoast SEO plugin v17.8 - https:\/\/yoast.com\/wordpress\/plugins\/seo\/ -->\n<title>Imprint | Rosen-Hotel Sangerhausen<\/title>\n<meta name=\"description\" content=\"Rosen-Hotel Sangerhausen - Feel good, enjoy and relax! Discover the 3-star superior hotel in Sangerhausen \u00bb learn more!\" \/>\n<meta name=\"robots\" content=\"index, follow, max-snippet:-1, max-image-preview:large, max-video-preview:-1\" \/>\n<link rel=\"canonical\" href=\"https:\/\/rosenhotel.net\/en\/impressum\/\" \/>\n<meta property=\"og:locale\" content=\"en_US\" \/>\n<meta property=\"og:type\" content=\"article\" \/>\n<meta property=\"og:title\" content=\"Imprint | Rosen-Hotel Sangerhausen\" \/>\n<meta property=\"og:description\" content=\"Rosen-Hotel Sangerhausen - Feel good, enjoy and relax! Discover the 3-star superior hotel in Sangerhausen \u00bb learn more!\" \/>\n<meta property=\"og:url\" content=\"https:\/\/rosenhotel.net\/en\/impressum\/\" \/>\n<meta property=\"og:site_name\" content=\"Rosen-Hotel\" \/>\n<meta property=\"article:modified_time\" content=\"2023-05-30T14:05:16+00:00\" \/>\n<meta name=\"twitter:card\" content=\"summary_large_image\" \/>\n<meta name=\"twitter:label1\" content=\"Est. reading time\" \/>\n\t<meta name=\"twitter:data1\" content=\"1 minute\" \/>\n<script type=\"application\/ld+json\" class=\"yoast-schema-graph\">{\"@context\":\"https:\/\/schema.org\",\"@graph\":[{\"@type\":\"WebSite\",\"@id\":\"https:\/\/rosenhotel.net\/en\/#website\",\"url\":\"https:\/\/rosenhotel.net\/en\/\",\"name\":\"Rosen-Hotel\",\"description\":\"Hier entsteht eine neue Webseite\",\"potentialAction\":[{\"@type\":\"SearchAction\",\"target\":{\"@type\":\"EntryPoint\",\"urlTemplate\":\"https:\/\/rosenhotel.net\/en\/?s={search_term_string}\"},\"query-input\":\"required name=search_term_string\"}],\"inLanguage\":\"en-US\"},{\"@type\":\"WebPage\",\"@id\":\"https:\/\/rosenhotel.net\/en\/impressum\/#webpage\",\"url\":\"https:\/\/rosenhotel.net\/en\/impressum\/\",\"name\":\"Imprint | Rosen-Hotel Sangerhausen\",\"isPartOf\":{\"@id\":\"https:\/\/rosenhotel.net\/en\/#website\"},\"datePublished\":\"2020-04-10T12:59:47+00:00\",\"dateModified\":\"2023-05-30T14:05:16+00:00\",\"description\":\"Rosen-Hotel Sangerhausen - Feel good, enjoy and relax! Discover the 3-star superior hotel in Sangerhausen \\u00bb learn more!\",\"breadcrumb\":{\"@id\":\"https:\/\/rosenhotel.net\/en\/impressum\/#breadcrumb\"},\"inLanguage\":\"en-US\",\"potentialAction\":[{\"@type\":\"ReadAction\",\"target\":[\"https:\/\/rosenhotel.net\/en\/impressum\/\"]}]},{\"@type\":\"BreadcrumbList\",\"@id\":\"https:\/\/rosenhotel.net\/en\/impressum\/#breadcrumb\",\"itemListElement\":[{\"@type\":\"ListItem\",\"position\":1,\"name\":\"Startseite\",\"item\":\"https:\/\/rosenhotel.net\/en\/\"},{\"@type\":\"ListItem\",\"position\":2,\"name\":\"Impressum\"}]}]}<\/script>\n<!-- \/ Yoast SEO plugin. -->","yoast_head_json":{"title":"Imprint | Rosen-Hotel Sangerhausen","description":"Rosen-Hotel Sangerhausen - Feel good, enjoy and relax! Discover the 3-star superior hotel in Sangerhausen \u00bb learn more!","robots":{"index":"index","follow":"follow","max-snippet":"max-snippet:-1","max-image-preview":"max-image-preview:large","max-video-preview":"max-video-preview:-1"},"canonical":"https:\/\/rosenhotel.net\/en\/impressum\/","og_locale":"en_US","og_type":"article","og_title":"Imprint | Rosen-Hotel Sangerhausen","og_description":"Rosen-Hotel Sangerhausen - Feel good, enjoy and relax! Discover the 3-star superior hotel in Sangerhausen \u00bb learn more!","og_url":"https:\/\/rosenhotel.net\/en\/impressum\/","og_site_name":"Rosen-Hotel","article_modified_time":"2023-05-30T14:05:16+00:00","twitter_card":"summary_large_image","twitter_misc":{"Est. reading time":"1 minute"},"schema":{"@context":"https:\/\/schema.org","@graph":[{"@type":"WebSite","@id":"https:\/\/rosenhotel.net\/en\/#website","url":"https:\/\/rosenhotel.net\/en\/","name":"Rosen-Hotel","description":"Hier entsteht eine neue Webseite","potentialAction":[{"@type":"SearchAction","target":{"@type":"EntryPoint","urlTemplate":"https:\/\/rosenhotel.net\/en\/?s={search_term_string}"},"query-input":"required name=search_term_string"}],"inLanguage":"en-US"},{"@type":"WebPage","@id":"https:\/\/rosenhotel.net\/en\/impressum\/#webpage","url":"https:\/\/rosenhotel.net\/en\/impressum\/","name":"Imprint | Rosen-Hotel Sangerhausen","isPartOf":{"@id":"https:\/\/rosenhotel.net\/en\/#website"},"datePublished":"2020-04-10T12:59:47+00:00","dateModified":"2023-05-30T14:05:16+00:00","description":"Rosen-Hotel Sangerhausen - Feel good, enjoy and relax! Discover the 3-star superior hotel in Sangerhausen \u00bb learn more!","breadcrumb":{"@id":"https:\/\/rosenhotel.net\/en\/impressum\/#breadcrumb"},"inLanguage":"en-US","potentialAction":[{"@type":"ReadAction","target":["https:\/\/rosenhotel.net\/en\/impressum\/"]}]},{"@type":"BreadcrumbList","@id":"https:\/\/rosenhotel.net\/en\/impressum\/#breadcrumb","itemListElement":[{"@type":"ListItem","position":1,"name":"Startseite","item":"https:\/\/rosenhotel.net\/en\/"},{"@type":"ListItem","position":2,"name":"Impressum"}]}]}},"_links":{"self":[{"href":"https:\/\/rosenhotel.net\/en\/wp-json\/wp\/v2\/pages\/1123"}],"collection":[{"href":"https:\/\/rosenhotel.net\/en\/wp-json\/wp\/v2\/pages"}],"about":[{"href":"https:\/\/rosenhotel.net\/en\/wp-json\/wp\/v2\/types\/page"}],"author":[{"embeddable":true,"href":"https:\/\/rosenhotel.net\/en\/wp-json\/wp\/v2\/users\/2"}],"replies":[{"embeddable":true,"href":"https:\/\/rosenhotel.net\/en\/wp-json\/wp\/v2\/comments?post=1123"}],"version-history":[{"count":3,"href":"https:\/\/rosenhotel.net\/en\/wp-json\/wp\/v2\/pages\/1123\/revisions"}],"predecessor-version":[{"id":1231,"href":"https:\/\/rosenhotel.net\/en\/wp-json\/wp\/v2\/pages\/1123\/revisions\/1231"}],"wp:attachment":[{"href":"https:\/\/rosenhotel.net\/en\/wp-json\/wp\/v2\/media?parent=1123"}],"curies":[{"name":"wp","href":"https:\/\/api.w.org\/{rel}","templated":true}]}}